{"id":734,"date":"2021-10-28T16:20:32","date_gmt":"2021-10-28T14:20:32","guid":{"rendered":"http:\/\/sms-simbacik.sk\/?page_id=734"},"modified":"2025-09-20T10:48:08","modified_gmt":"2025-09-20T08:48:08","slug":"volne-pracovne-miesto","status":"publish","type":"page","link":"https:\/\/sms-simbacik.sk\/?page_id=734","title":{"rendered":"Vo\u013en\u00e9 pracovn\u00e9 miesto"},"content":{"rendered":"\n<ol>\n<li><a href=\"https:\/\/sms-simbacik.sk\/wp-content\/uploads\/2025\/08\/pracovna-ponuka-upratovacka-Simbacik.pdf\" data-type=\"attachment\" data-id=\"1021\">Upratova\u010dka, \u0161koln\u00ed\u010dka na 40% \u00fav\u00e4zok<\/a><\/li>\n\n\n\n<li><a href=\"https:\/\/sms-simbacik.sk\/wp-content\/uploads\/2025\/09\/pracovna-ponuka-ucitel-Simbacik.pdf\" data-type=\"attachment\" data-id=\"1036\">U\u010dite\u013e\/-ka M\u0160 100% \u00fav\u00e4zok<\/a><\/li>\n<\/ol>\n","protected":false},"excerpt":{"rendered":"","protected":false},"author":1,"featured_media":0,"parent":0,"menu_order":0,"comment_status":"closed","ping_status":"closed","template":"","meta":{"_monsterinsights_skip_tracking":false,"_monsterinsights_sitenote_active":false,"_monsterinsights_sitenote_note":"","_monsterinsights_sitenote_category":0,"footnotes":""},"_links":{"self":[{"href":"https:\/\/sms-simbacik.sk\/index.php?rest_route=\/wp\/v2\/pages\/734"}],"collection":[{"href":"https:\/\/sms-simbacik.sk\/index.php?rest_route=\/wp\/v2\/pages"}],"about":[{"href":"https:\/\/sms-simbacik.sk\/index.php?rest_route=\/wp\/v2\/types\/page"}],"author":[{"embeddable":true,"href":"https:\/\/sms-simbacik.sk\/index.php?rest_route=\/wp\/v2\/users\/1"}],"replies":[{"embeddable":true,"href":"https:\/\/sms-simbacik.sk\/index.php?rest_route=%2Fwp%2Fv2%2Fcomments&post=734"}],"version-history":[{"count":6,"href":"https:\/\/sms-simbacik.sk\/index.php?rest_route=\/wp\/v2\/pages\/734\/revisions"}],"predecessor-version":[{"id":1037,"href":"https:\/\/sms-simbacik.sk\/index.php?rest_route=\/wp\/v2\/pages\/734\/revisions\/1037"}],"wp:attachment":[{"href":"https:\/\/sms-simbacik.sk\/index.php?rest_route=%2Fwp%2Fv2%2Fmedia&parent=734"}],"curies":[{"name":"wp","href":"https:\/\/api.w.org\/{rel}","templated":true}]}}