{"id":24,"date":"2019-03-27T14:57:03","date_gmt":"2019-03-27T13:57:03","guid":{"rendered":"http:\/\/sms-simbacik.sk\/?page_id=24"},"modified":"2025-05-08T13:32:16","modified_gmt":"2025-05-08T11:32:16","slug":"kontakt","status":"publish","type":"page","link":"https:\/\/sms-simbacik.sk\/?page_id=24","title":{"rendered":"Kontakt"},"content":{"rendered":"\n<p>S\u00fakromn\u00e1 M\u0160 Simb\u00e1\u010dik, Severn\u00e1 13, Pre\u0161ov<\/p>\n\n\n\n<p>I\u010cO: 50 110 756, DI\u010c: 2120571948<\/p>\n\n\n\n<p>Tel.: 0903 79 89 79, <a href=\"mailto:simbacik13@gmail.com\">simbacik13@gmail.com<\/a> <\/p>\n\n\n\n<p><strong><span class=\"has-inline-color has-vivid-red-color\">Riadite\u013eka:<\/span><\/strong> <strong>Mgr. Jarmila Vok\u00e1lov\u00e1<\/strong><\/p>\n\n\n\n<p><strong><span class=\"has-inline-color has-vivid-red-color\">Pedagogick\u00ed a \u010fal\u0161\u00ed zamestnanci:<\/span><\/strong><\/p>\n\n\n\n<p><strong>Mgr. Veronika Vargov\u00e1<\/strong> &#8211; triedna u\u010dite\u013eka, z\u00e1stupca riadite\u013ea, AJ <\/p>\n\n\n\n<p><strong>Bc. Cec\u00edlia Stavi\u0161\u010d\u00e1kov\u00e1<\/strong> &#8211; \u0160ikovn\u00e9 r\u00fa\u010dky, <strong>Lucia Cico\u0148ov\u00e1<\/strong>, Alana Lokajov\u00e1<\/p>\n\n\n\n<p><strong>\u010d.\u00fa. v SLSP: SK31 0900 0000 0051 7578 2772<\/strong><\/p>\n\n\n\n<p>Prev\u00e1dzka od <strong>6.30 &#8211; 16.30 hod.<\/strong><\/p>\n\n\n\n<p><strong>Stretnutie si dohodnite pros\u00edm vopred telefonicky na tel. \u010d\u00edsle 0903 79 89 79.<\/strong><\/p>\n","protected":false},"excerpt":{"rendered":"<p>S\u00fakromn\u00e1 M\u0160 Simb\u00e1\u010dik, Severn\u00e1 13, Pre\u0161ov I\u010cO: 50 110 756, DI\u010c: 2120571948 Tel.: 0903 79 89 79, simbacik13@gmail.com Riadite\u013eka: Mgr. Jarmila Vok\u00e1lov\u00e1 Pedagogick\u00ed a \u010fal\u0161\u00ed zamestnanci: Mgr. Veronika Vargov\u00e1 &#8211; triedna u\u010dite\u013eka, z\u00e1stupca riadite\u013ea, AJ Bc. Cec\u00edlia Stavi\u0161\u010d\u00e1kov\u00e1 &#8211; \u0160ikovn\u00e9 &hellip; <\/p>\n","protected":false},"author":1,"featured_media":0,"parent":0,"menu_order":0,"comment_status":"closed","ping_status":"closed","template":"","meta":{"_monsterinsights_skip_tracking":false,"_monsterinsights_sitenote_active":false,"_monsterinsights_sitenote_note":"","_monsterinsights_sitenote_category":0,"footnotes":""},"_links":{"self":[{"href":"https:\/\/sms-simbacik.sk\/index.php?rest_route=\/wp\/v2\/pages\/24"}],"collection":[{"href":"https:\/\/sms-simbacik.sk\/index.php?rest_route=\/wp\/v2\/pages"}],"about":[{"href":"https:\/\/sms-simbacik.sk\/index.php?rest_route=\/wp\/v2\/types\/page"}],"author":[{"embeddable":true,"href":"https:\/\/sms-simbacik.sk\/index.php?rest_route=\/wp\/v2\/users\/1"}],"replies":[{"embeddable":true,"href":"https:\/\/sms-simbacik.sk\/index.php?rest_route=%2Fwp%2Fv2%2Fcomments&post=24"}],"version-history":[{"count":6,"href":"https:\/\/sms-simbacik.sk\/index.php?rest_route=\/wp\/v2\/pages\/24\/revisions"}],"predecessor-version":[{"id":1008,"href":"https:\/\/sms-simbacik.sk\/index.php?rest_route=\/wp\/v2\/pages\/24\/revisions\/1008"}],"wp:attachment":[{"href":"https:\/\/sms-simbacik.sk\/index.php?rest_route=%2Fwp%2Fv2%2Fmedia&parent=24"}],"curies":[{"name":"wp","href":"https:\/\/api.w.org\/{rel}","templated":true}]}}